{"id":2682,"date":"2024-06-28T11:52:32","date_gmt":"2024-06-28T09:52:32","guid":{"rendered":"https:\/\/ld-niedersachsen.de\/?page_id=2682"},"modified":"2025-04-05T22:24:07","modified_gmt":"2025-04-05T20:24:07","slug":"vor-ort","status":"publish","type":"page","link":"https:\/\/ld-niedersachsen.de\/en\/vor-ort\/","title":{"rendered":"Local Organisations"},"content":{"rendered":"<p>Wir Liberale Demokraten &#8211; Die Sozialliberalen sind in ganz Niedersachsen vertreten. Auf dieser Seite findest du eine \u00dcbersicht aller Kreise und Kreisfreien St\u00e4dte, in denen wir bereits Untergliederungen gegr\u00fcndet haben. Das hei\u00dft aber nicht, dass es uns an Orten, die hier nicht aufgelistet wurden, nicht gibt &#8211; nimm einfach Kontakt mit uns auf und wir teilen dir mit, wo du in deiner Umgebung die n\u00e4chsten Liberalen Demokraten findest.<\/p>\n\n\n\n<h2 class=\"wp-block-heading\">Regionsverband Hannover<\/h2>\n\n\n\n<p>Im Jahr 2022 haben wir den Regionsverband Hannover gegr\u00fcndet.<\/p>\n\n\n<div style=\"border-radius:0px;border-style:none;border-width:0px;\" class=\"wp-block-blocksy-query\" data-id=\"0cdd8fbb\"><div class=\"ct-posts-block\" data-prefix=\"blog\"><div class=\"entries\" data-archive=\"default\" data-layout=\"grid\" data-cards=\"boxed\" data-hover=\"zoom-in\"><article class=\"entry-card card-content post-3015 post type-post status-publish format-standard has-post-thumbnail hentry category-hannover category-neuigkeit tag-csd tag-hannover tag-pride tag-queer tag-selbstbestimmung tag-strassenfest\" ><ul class=\"entry-meta\" data-type=\"simple:slash\" data-id=\"m79La0\" ><li class=\"meta-categories\" data-type=\"simple\"><a href=\"https:\/\/ld-niedersachsen.de\/en\/kategorie\/lokales\/hannover\/\" rel=\"tag\" class=\"ct-term-52\">Hannover<\/a>, <a href=\"https:\/\/ld-niedersachsen.de\/en\/kategorie\/neuigkeit\/\" rel=\"tag\" class=\"ct-term-1\">Neuigkeit<\/a><\/li><\/ul><h2 class=\"entry-title\"><a href=\"https:\/\/ld-niedersachsen.de\/en\/2025\/05\/17\/csd-in-hannover\/\" rel=\"bookmark\">CSD in Hannover<\/a><\/h2><a class=\"ct-media-container has-hover-effect\" href=\"https:\/\/ld-niedersachsen.de\/en\/2025\/05\/17\/csd-in-hannover\/\" aria-label=\"CSD in Hannover\"><img decoding=\"async\" width=\"768\" height=\"597\" src=\"https:\/\/ld-niedersachsen.de\/wp-content\/uploads\/2025\/05\/CSD-Hannover-2025-e1747559734435-768x597.png\" class=\"attachment-medium_large size-medium_large wp-post-image\" alt=\"\" loading=\"lazy\" srcset=\"https:\/\/ld-niedersachsen.de\/wp-content\/uploads\/2025\/05\/CSD-Hannover-2025-e1747559734435-768x597.png 768w, https:\/\/ld-niedersachsen.de\/wp-content\/uploads\/2025\/05\/CSD-Hannover-2025-e1747559734435-300x233.png 300w, https:\/\/ld-niedersachsen.de\/wp-content\/uploads\/2025\/05\/CSD-Hannover-2025-e1747559734435-1024x796.png 1024w, https:\/\/ld-niedersachsen.de\/wp-content\/uploads\/2025\/05\/CSD-Hannover-2025-e1747559734435-15x12.png 15w, https:\/\/ld-niedersachsen.de\/wp-content\/uploads\/2025\/05\/CSD-Hannover-2025-e1747559734435.png 1080w\" sizes=\"auto, (max-width: 768px) 100vw, 768px\" itemprop=\"image\" style=\"aspect-ratio: 4\/3;\" \/><\/a><div class=\"entry-excerpt\"><p>Am 07. &amp; 08. Juni werden wir wieder am CSD Stra\u00dfenfest 2025 in Hannover teilnehmen. Wir werden mit einem Stand vor Ort sein und allen G\u00e4st_innen des Stra\u00dfenfests Rede und Antwort zu unserer sozialliberalen Politik stehen und uns gemeinsam f\u00fcr die Rechte\u2026<\/p>\n<\/div><ul class=\"entry-meta\" data-type=\"simple:line\" data-id=\"RLgfjG\" ><li class=\"meta-author\" itemprop=\"author\" itemscope=\"\" itemtype=\"https:\/\/schema.org\/Person\"><a class=\"ct-meta-element-author\" href=\"https:\/\/ld-niedersachsen.de\/en\/author\/rv-hannover\/\" title=\"Posts by LD Hannover\" rel=\"author\" itemprop=\"url\"><span itemprop=\"name\">LD Hannover<\/span><\/a><\/li><li class=\"meta-date\" itemprop=\"datePublished\"><time class=\"ct-meta-element-date\" datetime=\"2025-05-17T23:23:25+02:00\">17. May 2025<\/time><\/li><\/ul><\/article><article class=\"entry-card card-content post-2868 post type-post status-publish format-standard has-post-thumbnail hentry category-hannover category-neuigkeit tag-hannover tag-pizza-politik\" ><ul class=\"entry-meta\" data-type=\"simple:slash\" data-id=\"m79La0\" ><li class=\"meta-categories\" data-type=\"simple\"><a href=\"https:\/\/ld-niedersachsen.de\/en\/kategorie\/lokales\/hannover\/\" rel=\"tag\" class=\"ct-term-52\">Hannover<\/a>, <a href=\"https:\/\/ld-niedersachsen.de\/en\/kategorie\/neuigkeit\/\" rel=\"tag\" class=\"ct-term-1\">Neuigkeit<\/a><\/li><\/ul><h2 class=\"entry-title\"><a href=\"https:\/\/ld-niedersachsen.de\/en\/2024\/06\/09\/pizza-politik-in-hannover-8-6-24\/\" rel=\"bookmark\">Pizza &amp; Politik in Hannover<\/a><\/h2><a class=\"ct-media-container has-hover-effect\" href=\"https:\/\/ld-niedersachsen.de\/en\/2024\/06\/09\/pizza-politik-in-hannover-8-6-24\/\" aria-label=\"Pizza &amp; Politik in Hannover\"><img decoding=\"async\" width=\"768\" height=\"432\" src=\"https:\/\/ld-niedersachsen.de\/wp-content\/uploads\/2025\/04\/joshua-kettle-Y83Wgb8sbrA-unsplash-768x432.jpg\" class=\"attachment-medium_large size-medium_large wp-post-image\" alt=\"\" loading=\"lazy\" srcset=\"https:\/\/ld-niedersachsen.de\/wp-content\/uploads\/2025\/04\/joshua-kettle-Y83Wgb8sbrA-unsplash-768x432.jpg 768w, https:\/\/ld-niedersachsen.de\/wp-content\/uploads\/2025\/04\/joshua-kettle-Y83Wgb8sbrA-unsplash-300x169.jpg 300w, https:\/\/ld-niedersachsen.de\/wp-content\/uploads\/2025\/04\/joshua-kettle-Y83Wgb8sbrA-unsplash-1024x576.jpg 1024w, https:\/\/ld-niedersachsen.de\/wp-content\/uploads\/2025\/04\/joshua-kettle-Y83Wgb8sbrA-unsplash-1536x864.jpg 1536w, https:\/\/ld-niedersachsen.de\/wp-content\/uploads\/2025\/04\/joshua-kettle-Y83Wgb8sbrA-unsplash-2048x1152.jpg 2048w, https:\/\/ld-niedersachsen.de\/wp-content\/uploads\/2025\/04\/joshua-kettle-Y83Wgb8sbrA-unsplash-18x10.jpg 18w\" sizes=\"auto, (max-width: 768px) 100vw, 768px\" itemprop=\"image\" style=\"aspect-ratio: 4\/3;\" \/><\/a><div class=\"entry-excerpt\"><p>Am 8. Juni fand in Hannover das erste Mal unsere Veranstaltungsreihe \u201ePizza &amp; Politik\u201c in Niedersachsen statt. Ab 17:00 trafen sich Mitglieder aus Niedersachsen und Interessierte in einem Restaurant am Thielenplatz und sprachen \u00fcber Politik und die Partei. Wir m\u00f6chten auf diesem\u2026<\/p>\n<\/div><ul class=\"entry-meta\" data-type=\"simple:line\" data-id=\"RLgfjG\" ><li class=\"meta-author\" itemprop=\"author\" itemscope=\"\" itemtype=\"https:\/\/schema.org\/Person\"><a class=\"ct-meta-element-author\" href=\"https:\/\/ld-niedersachsen.de\/en\/author\/rv-hannover\/\" title=\"Posts by LD Hannover\" rel=\"author\" itemprop=\"url\"><span itemprop=\"name\">LD Hannover<\/span><\/a><\/li><li class=\"meta-date\" itemprop=\"datePublished\"><time class=\"ct-meta-element-date\" datetime=\"2024-06-09T18:11:52+02:00\">9. June 2024<\/time><\/li><\/ul><\/article><article class=\"entry-card card-content post-2883 post type-post status-publish format-standard has-post-thumbnail hentry category-hannover category-neuigkeit tag-christopher-street-day tag-csd tag-hannover tag-lgbtq tag-queer\" ><ul class=\"entry-meta\" data-type=\"simple:slash\" data-id=\"m79La0\" ><li class=\"meta-categories\" data-type=\"simple\"><a href=\"https:\/\/ld-niedersachsen.de\/en\/kategorie\/lokales\/hannover\/\" rel=\"tag\" class=\"ct-term-52\">Hannover<\/a>, <a href=\"https:\/\/ld-niedersachsen.de\/en\/kategorie\/neuigkeit\/\" rel=\"tag\" class=\"ct-term-1\">Neuigkeit<\/a><\/li><\/ul><h2 class=\"entry-title\"><a href=\"https:\/\/ld-niedersachsen.de\/en\/2024\/05\/18\/csd-hannover\/\" rel=\"bookmark\">CSD Hannover<\/a><\/h2><a class=\"ct-media-container has-hover-effect\" href=\"https:\/\/ld-niedersachsen.de\/en\/2024\/05\/18\/csd-hannover\/\" aria-label=\"CSD Hannover\"><img decoding=\"async\" width=\"768\" height=\"768\" src=\"https:\/\/ld-niedersachsen.de\/wp-content\/uploads\/2024\/05\/IMG-20241221-WA0015-768x768.jpg\" class=\"attachment-medium_large size-medium_large wp-post-image\" alt=\"Viele Menschen sind auf der Stra\u00dfe, um an der CSD-Demo teilzunehmen. Viele Menschen tragen bunte Kleidung und haben Fahnen mit der Pride-Flag dabei. Die Stra\u00dfe wird links und rechts mit B\u00e4umen flankiert, die ein junges gr\u00fcnes Blattwerk tragen.\" loading=\"lazy\" srcset=\"https:\/\/ld-niedersachsen.de\/wp-content\/uploads\/2024\/05\/IMG-20241221-WA0015-768x768.jpg 768w, https:\/\/ld-niedersachsen.de\/wp-content\/uploads\/2024\/05\/IMG-20241221-WA0015-300x300.jpg 300w, https:\/\/ld-niedersachsen.de\/wp-content\/uploads\/2024\/05\/IMG-20241221-WA0015-1024x1024.jpg 1024w, https:\/\/ld-niedersachsen.de\/wp-content\/uploads\/2024\/05\/IMG-20241221-WA0015-150x150.jpg 150w, https:\/\/ld-niedersachsen.de\/wp-content\/uploads\/2024\/05\/IMG-20241221-WA0015-12x12.jpg 12w, https:\/\/ld-niedersachsen.de\/wp-content\/uploads\/2024\/05\/IMG-20241221-WA0015-24x24.jpg 24w, https:\/\/ld-niedersachsen.de\/wp-content\/uploads\/2024\/05\/IMG-20241221-WA0015-48x48.jpg 48w, https:\/\/ld-niedersachsen.de\/wp-content\/uploads\/2024\/05\/IMG-20241221-WA0015-96x96.jpg 96w, https:\/\/ld-niedersachsen.de\/wp-content\/uploads\/2024\/05\/IMG-20241221-WA0015.jpg 1440w\" sizes=\"auto, (max-width: 768px) 100vw, 768px\" itemprop=\"image\" style=\"aspect-ratio: 4\/3;\" \/><\/a><div class=\"entry-excerpt\"><p>Dieses Jahr waren wir das erste Mal beim CSD in Hannover dabei! Unser Regionsverband Hannover organisierte den Stellplatz sowie Zelt und Tische. Am 18. Mai kamen Mitglieder aus ganz Deutschland nach Hannover, um gemeinsam f\u00fcr Gleichberechtigung zu demonstrieren und am Stand von\u2026<\/p>\n<\/div><ul class=\"entry-meta\" data-type=\"simple:line\" data-id=\"RLgfjG\" ><li class=\"meta-author\" itemprop=\"author\" itemscope=\"\" itemtype=\"https:\/\/schema.org\/Person\"><a class=\"ct-meta-element-author\" href=\"https:\/\/ld-niedersachsen.de\/en\/author\/rv-hannover\/\" title=\"Posts by LD Hannover\" rel=\"author\" itemprop=\"url\"><span itemprop=\"name\">LD Hannover<\/span><\/a><\/li><li class=\"meta-date\" itemprop=\"datePublished\"><time class=\"ct-meta-element-date\" datetime=\"2024-05-18T22:43:00+02:00\">18. May 2024<\/time><\/li><\/ul><\/article><\/div><\/div><\/div>\n\n\n<h2 class=\"wp-block-heading\">Stadtverband Hemmingen<\/h2>\n\n\n\n<p>Seit 2024 gibt es innerhalb des Regionsverbands Hannover auch den Stadtverband Hemmingen. <\/p>\n\n\n\n<p>Weitere Informationen folgen bald.<\/p>\n\n\n<div class=\"wp-block-blocksy-query\" data-id=\"47070d8f\"><div class=\"ct-posts-block\" data-prefix=\"blog\"><div class=\"entries\" data-archive=\"default\" data-layout=\"grid\" data-cards=\"boxed\" data-hover=\"zoom-in\"><article class=\"entry-card card-content post-2870 post type-post status-publish format-standard has-post-thumbnail hentry category-hemmingen category-neuigkeit tag-gruendung tag-hemmingen tag-stadtverband\" ><ul class=\"entry-meta\" data-type=\"simple:slash\" data-id=\"m79La0\" ><li class=\"meta-categories\" data-type=\"simple\"><a href=\"https:\/\/ld-niedersachsen.de\/en\/kategorie\/lokales\/hemmingen\/\" rel=\"tag\" class=\"ct-term-56\">Hemmingen<\/a>, <a href=\"https:\/\/ld-niedersachsen.de\/en\/kategorie\/neuigkeit\/\" rel=\"tag\" class=\"ct-term-1\">Neuigkeit<\/a><\/li><\/ul><h2 class=\"entry-title\"><a href=\"https:\/\/ld-niedersachsen.de\/en\/2024\/09\/28\/gruendung-des-stadtverbands-hemmingen\/\" rel=\"bookmark\">Gr\u00fcndung des Stadtverbands Hemmingen<\/a><\/h2><a class=\"ct-media-container has-hover-effect\" href=\"https:\/\/ld-niedersachsen.de\/en\/2024\/09\/28\/gruendung-des-stadtverbands-hemmingen\/\" aria-label=\"Gr\u00fcndung des Stadtverbands Hemmingen\"><img decoding=\"async\" width=\"768\" height=\"768\" src=\"https:\/\/ld-niedersachsen.de\/wp-content\/uploads\/2024\/09\/SV_Hemmingen_logo-768x768.jpg\" class=\"attachment-medium_large size-medium_large wp-post-image\" alt=\"Logo des Stadtverbandes Hemmingen. Das \u00fcbliche Logo der Liberalen Demokraten ( Parteiname in blauer Schrift und der orange Vogel) wird unten mit orangener Schrift erg\u00e4nzt: &quot;Stadt Hemmingen&quot;.\" loading=\"lazy\" srcset=\"https:\/\/ld-niedersachsen.de\/wp-content\/uploads\/2024\/09\/SV_Hemmingen_logo-768x768.jpg 768w, https:\/\/ld-niedersachsen.de\/wp-content\/uploads\/2024\/09\/SV_Hemmingen_logo-300x300.jpg 300w, https:\/\/ld-niedersachsen.de\/wp-content\/uploads\/2024\/09\/SV_Hemmingen_logo-1024x1024.jpg 1024w, https:\/\/ld-niedersachsen.de\/wp-content\/uploads\/2024\/09\/SV_Hemmingen_logo-150x150.jpg 150w, https:\/\/ld-niedersachsen.de\/wp-content\/uploads\/2024\/09\/SV_Hemmingen_logo-12x12.jpg 12w, https:\/\/ld-niedersachsen.de\/wp-content\/uploads\/2024\/09\/SV_Hemmingen_logo-24x24.jpg 24w, https:\/\/ld-niedersachsen.de\/wp-content\/uploads\/2024\/09\/SV_Hemmingen_logo-48x48.jpg 48w, https:\/\/ld-niedersachsen.de\/wp-content\/uploads\/2024\/09\/SV_Hemmingen_logo-96x96.jpg 96w, https:\/\/ld-niedersachsen.de\/wp-content\/uploads\/2024\/09\/SV_Hemmingen_logo.jpg 1200w\" sizes=\"auto, (max-width: 768px) 100vw, 768px\" itemprop=\"image\" style=\"aspect-ratio: 4\/3;\" \/><\/a><div class=\"entry-excerpt\"><p>Nach verschiedenen Aktionen wie dem CSD Hannover und Pizza &amp; Politik in Hannover hat sich nun der Stadtverband Hemmingen gegr\u00fcndet. Am 28. September wurden Finn-Luca Pl\u00f6tz, Joel Maurice Werner und Dennis Kelm zum Vorstand des Stadtverbands gew\u00e4hlt. Nach der Wahl wurde ein\u2026<\/p>\n<\/div><ul class=\"entry-meta\" data-type=\"simple:line\" data-id=\"RLgfjG\" ><li class=\"meta-author\" itemprop=\"author\" itemscope=\"\" itemtype=\"https:\/\/schema.org\/Person\"><a class=\"ct-meta-element-author\" href=\"https:\/\/ld-niedersachsen.de\/en\/author\/rv-hannover\/\" title=\"Posts by LD Hannover\" rel=\"author\" itemprop=\"url\"><span itemprop=\"name\">LD Hannover<\/span><\/a><\/li><li class=\"meta-date\" itemprop=\"datePublished\"><time class=\"ct-meta-element-date\" datetime=\"2024-09-28T18:13:12+02:00\">28. September 2024<\/time><\/li><\/ul><\/article><\/div><\/div><\/div>\n\n<div class=\"ct-block-wrapper\">\n\n<h3 class=\"wp-block-heading has-medium-font-size\">Socials<\/h3>\n\n\n<div class=\"ct-socials-block\" style=\"--theme-icon-size:37px;\">\n\t\t<div class=\"ct-social-box\" data-color=\"default\" data-icons-type=\"simple\" style=\"\" >\n\t\t\t\n\t\t\t\n\t\t\t\t\t\t\t\n\t\t\t\t<a href=\"https:\/\/www.instagram.com\/ld_hemmingen\/\" data-network=\"instagram\" aria-label=\"Instagram\" target=\"_blank\" rel=\"noopener noreferrer\">\n\t\t\t\t\t<span class=\"ct-icon-container\">\n\t\t\t\t\t<svg\n\t\t\t\t\twidth=\"20\"\n\t\t\t\t\theight=\"20\"\n\t\t\t\t\tviewbox=\"0 0 20 20\"\n\t\t\t\t\taria-hidden=\"true\">\n\t\t\t\t\t\t<circle cx=\"10\" cy=\"10\" r=\"3.3\"\/>\n\t\t\t\t\t\t<path d=\"M14.2,0H5.8C2.6,0,0,2.6,0,5.8v8.3C0,17.4,2.6,20,5.8,20h8.3c3.2,0,5.8-2.6,5.8-5.8V5.8C20,2.6,17.4,0,14.2,0zM10,15c-2.8,0-5-2.2-5-5s2.2-5,5-5s5,2.2,5,5S12.8,15,10,15z M15.8,5C15.4,5,15,4.6,15,4.2s0.4-0.8,0.8-0.8s0.8,0.4,0.8,0.8S16.3,5,15.8,5z\"\/>\n\t\t\t\t\t<\/svg>\n\t\t\t\t<\/span>\t\t\t\t<\/a>\n\t\t\t\n\t\t\t\n\t\t\t\t\t<\/div>\n\n\t<\/div>\n<\/div>","protected":false},"excerpt":{"rendered":"<p>Wir Liberale Demokraten &#8211; Die Sozialliberalen sind in ganz Niedersachsen vertreten. Auf dieser Seite findest du eine \u00dcbersicht aller Kreise und Kreisfreien St\u00e4dte, in denen wir bereits Untergliederungen gegr\u00fcndet haben. Das hei\u00dft aber nicht, dass es uns an Orten, die hier nicht aufgelistet wurden, nicht gibt &#8211; nimm einfach Kontakt mit uns auf und wir [&hellip;]<\/p>\n","protected":false},"author":1,"featured_media":0,"parent":0,"menu_order":0,"comment_status":"closed","ping_status":"closed","template":"","meta":{"_acf_changed":false,"footnotes":""},"class_list":["post-2682","page","type-page","status-publish","hentry"],"blocksy_meta":[],"acf":[],"yoast_head":"<!-- This site is optimized with the Yoast SEO plugin v27.1.1 - https:\/\/yoast.com\/product\/yoast-seo-wordpress\/ -->\n<title>Vor Ort &#8211; Liberale Demokraten Niedersachsen<\/title>\n<meta name=\"description\" content=\"Wir Liberale Demokraten - Die Sozialliberalen sind in ganz Niedersachsen vertreten. Auf dieser Seite findest du eine \u00dcbersicht aller Kreise und Kreisfreien St\u00e4dte, in denen wir bereits Untergliederungen gegr\u00fcndet haben. Das hei\u00dft aber nicht, dass es uns an Orten, die hier nicht aufgelistet wurden, nicht gibt - nimm einfach Kontakt mit uns auf und wir teilen dir mit, wo du in deiner Umgebung die n\u00e4chsten Liberalen Demokraten findest.\" \/>\n<meta name=\"robots\" content=\"index, follow, max-snippet:-1, max-image-preview:large, max-video-preview:-1\" \/>\n<link rel=\"canonical\" href=\"https:\/\/ld-niedersachsen.de\/en\/vor-ort\/\" \/>\n<meta property=\"og:locale\" content=\"en_GB\" \/>\n<meta property=\"og:type\" content=\"article\" \/>\n<meta property=\"og:title\" content=\"Vor Ort &#8211; Liberale Demokraten Niedersachsen\" \/>\n<meta property=\"og:description\" content=\"Wir Liberale Demokraten - Die Sozialliberalen sind in ganz Niedersachsen vertreten. Auf dieser Seite findest du eine \u00dcbersicht aller Kreise und Kreisfreien St\u00e4dte, in denen wir bereits Untergliederungen gegr\u00fcndet haben. Das hei\u00dft aber nicht, dass es uns an Orten, die hier nicht aufgelistet wurden, nicht gibt - nimm einfach Kontakt mit uns auf und wir teilen dir mit, wo du in deiner Umgebung die n\u00e4chsten Liberalen Demokraten findest.\" \/>\n<meta property=\"og:url\" content=\"https:\/\/ld-niedersachsen.de\/en\/vor-ort\/\" \/>\n<meta property=\"og:site_name\" content=\"Liberale Demokraten Niedersachsen\" \/>\n<meta property=\"article:modified_time\" content=\"2025-04-05T20:24:07+00:00\" \/>\n<meta property=\"og:image\" content=\"https:\/\/ld-niedersachsen.de\/wp-content\/uploads\/2024\/12\/sharepic_niedersachsen.jpg\" \/>\n\t<meta property=\"og:image:width\" content=\"1200\" \/>\n\t<meta property=\"og:image:height\" content=\"628\" \/>\n\t<meta property=\"og:image:type\" content=\"image\/jpeg\" \/>\n<meta name=\"twitter:card\" content=\"summary_large_image\" \/>\n<meta name=\"twitter:label1\" content=\"Estimated reading time\" \/>\n\t<meta name=\"twitter:data1\" content=\"1 minute\" \/>\n<script type=\"application\/ld+json\" class=\"yoast-schema-graph\">{\"@context\":\"https:\/\/schema.org\",\"@graph\":[{\"@type\":\"WebPage\",\"@id\":\"https:\/\/ld-niedersachsen.de\/vor-ort\/\",\"url\":\"https:\/\/ld-niedersachsen.de\/vor-ort\/\",\"name\":\"Vor Ort &#8211; Liberale Demokraten Niedersachsen\",\"isPartOf\":{\"@id\":\"https:\/\/ld-niedersachsen.de\/#website\"},\"datePublished\":\"2024-06-28T09:52:32+00:00\",\"dateModified\":\"2025-04-05T20:24:07+00:00\",\"description\":\"Wir Liberale Demokraten - Die Sozialliberalen sind in ganz Niedersachsen vertreten. Auf dieser Seite findest du eine \u00dcbersicht aller Kreise und Kreisfreien St\u00e4dte, in denen wir bereits Untergliederungen gegr\u00fcndet haben. Das hei\u00dft aber nicht, dass es uns an Orten, die hier nicht aufgelistet wurden, nicht gibt - nimm einfach Kontakt mit uns auf und wir teilen dir mit, wo du in deiner Umgebung die n\u00e4chsten Liberalen Demokraten findest.\",\"breadcrumb\":{\"@id\":\"https:\/\/ld-niedersachsen.de\/vor-ort\/#breadcrumb\"},\"inLanguage\":\"en-GB\",\"potentialAction\":[{\"@type\":\"ReadAction\",\"target\":[\"https:\/\/ld-niedersachsen.de\/vor-ort\/\"]}]},{\"@type\":\"BreadcrumbList\",\"@id\":\"https:\/\/ld-niedersachsen.de\/vor-ort\/#breadcrumb\",\"itemListElement\":[{\"@type\":\"ListItem\",\"position\":1,\"name\":\"Startseite\",\"item\":\"https:\/\/ld-niedersachsen.de\/\"},{\"@type\":\"ListItem\",\"position\":2,\"name\":\"Vor Ort\"}]},{\"@type\":\"WebSite\",\"@id\":\"https:\/\/ld-niedersachsen.de\/#website\",\"url\":\"https:\/\/ld-niedersachsen.de\/\",\"name\":\"Liberale Demokraten Niedersachsen\",\"description\":\"\",\"publisher\":{\"@id\":\"https:\/\/ld-niedersachsen.de\/#organization\"},\"potentialAction\":[{\"@type\":\"SearchAction\",\"target\":{\"@type\":\"EntryPoint\",\"urlTemplate\":\"https:\/\/ld-niedersachsen.de\/?s={search_term_string}\"},\"query-input\":{\"@type\":\"PropertyValueSpecification\",\"valueRequired\":true,\"valueName\":\"search_term_string\"}}],\"inLanguage\":\"en-GB\"},{\"@type\":\"Organization\",\"@id\":\"https:\/\/ld-niedersachsen.de\/#organization\",\"name\":\"Liberale Demokraten Niedersachsen\",\"url\":\"https:\/\/ld-niedersachsen.de\/\",\"logo\":{\"@type\":\"ImageObject\",\"inLanguage\":\"en-GB\",\"@id\":\"https:\/\/ld-niedersachsen.de\/#\/schema\/logo\/image\/\",\"url\":\"https:\/\/ld-niedersachsen.de\/wp-content\/uploads\/2025\/04\/logo_niedersachsen.svg\",\"contentUrl\":\"https:\/\/ld-niedersachsen.de\/wp-content\/uploads\/2025\/04\/logo_niedersachsen.svg\",\"width\":249,\"height\":121,\"caption\":\"Liberale Demokraten Niedersachsen\"},\"image\":{\"@id\":\"https:\/\/ld-niedersachsen.de\/#\/schema\/logo\/image\/\"}}]}<\/script>\n<!-- \/ Yoast SEO plugin. -->","yoast_head_json":{"title":"Vor Ort &#8211; Liberale Demokraten Niedersachsen","description":"Wir Liberale Demokraten - Die Sozialliberalen sind in ganz Niedersachsen vertreten. Auf dieser Seite findest du eine \u00dcbersicht aller Kreise und Kreisfreien St\u00e4dte, in denen wir bereits Untergliederungen gegr\u00fcndet haben. Das hei\u00dft aber nicht, dass es uns an Orten, die hier nicht aufgelistet wurden, nicht gibt - nimm einfach Kontakt mit uns auf und wir teilen dir mit, wo du in deiner Umgebung die n\u00e4chsten Liberalen Demokraten findest.","robots":{"index":"index","follow":"follow","max-snippet":"max-snippet:-1","max-image-preview":"max-image-preview:large","max-video-preview":"max-video-preview:-1"},"canonical":"https:\/\/ld-niedersachsen.de\/en\/vor-ort\/","og_locale":"en_GB","og_type":"article","og_title":"Vor Ort &#8211; Liberale Demokraten Niedersachsen","og_description":"Wir Liberale Demokraten - Die Sozialliberalen sind in ganz Niedersachsen vertreten. Auf dieser Seite findest du eine \u00dcbersicht aller Kreise und Kreisfreien St\u00e4dte, in denen wir bereits Untergliederungen gegr\u00fcndet haben. Das hei\u00dft aber nicht, dass es uns an Orten, die hier nicht aufgelistet wurden, nicht gibt - nimm einfach Kontakt mit uns auf und wir teilen dir mit, wo du in deiner Umgebung die n\u00e4chsten Liberalen Demokraten findest.","og_url":"https:\/\/ld-niedersachsen.de\/en\/vor-ort\/","og_site_name":"Liberale Demokraten Niedersachsen","article_modified_time":"2025-04-05T20:24:07+00:00","og_image":[{"width":1200,"height":628,"url":"https:\/\/ld-niedersachsen.de\/wp-content\/uploads\/2024\/12\/sharepic_niedersachsen.jpg","type":"image\/jpeg"}],"twitter_card":"summary_large_image","twitter_misc":{"Estimated reading time":"1 minute"},"schema":{"@context":"https:\/\/schema.org","@graph":[{"@type":"WebPage","@id":"https:\/\/ld-niedersachsen.de\/vor-ort\/","url":"https:\/\/ld-niedersachsen.de\/vor-ort\/","name":"Vor Ort &#8211; Liberale Demokraten Niedersachsen","isPartOf":{"@id":"https:\/\/ld-niedersachsen.de\/#website"},"datePublished":"2024-06-28T09:52:32+00:00","dateModified":"2025-04-05T20:24:07+00:00","description":"Wir Liberale Demokraten - Die Sozialliberalen sind in ganz Niedersachsen vertreten. Auf dieser Seite findest du eine \u00dcbersicht aller Kreise und Kreisfreien St\u00e4dte, in denen wir bereits Untergliederungen gegr\u00fcndet haben. Das hei\u00dft aber nicht, dass es uns an Orten, die hier nicht aufgelistet wurden, nicht gibt - nimm einfach Kontakt mit uns auf und wir teilen dir mit, wo du in deiner Umgebung die n\u00e4chsten Liberalen Demokraten findest.","breadcrumb":{"@id":"https:\/\/ld-niedersachsen.de\/vor-ort\/#breadcrumb"},"inLanguage":"en-GB","potentialAction":[{"@type":"ReadAction","target":["https:\/\/ld-niedersachsen.de\/vor-ort\/"]}]},{"@type":"BreadcrumbList","@id":"https:\/\/ld-niedersachsen.de\/vor-ort\/#breadcrumb","itemListElement":[{"@type":"ListItem","position":1,"name":"Startseite","item":"https:\/\/ld-niedersachsen.de\/"},{"@type":"ListItem","position":2,"name":"Vor Ort"}]},{"@type":"WebSite","@id":"https:\/\/ld-niedersachsen.de\/#website","url":"https:\/\/ld-niedersachsen.de\/","name":"Liberale Demokraten Niedersachsen","description":"","publisher":{"@id":"https:\/\/ld-niedersachsen.de\/#organization"},"potentialAction":[{"@type":"SearchAction","target":{"@type":"EntryPoint","urlTemplate":"https:\/\/ld-niedersachsen.de\/?s={search_term_string}"},"query-input":{"@type":"PropertyValueSpecification","valueRequired":true,"valueName":"search_term_string"}}],"inLanguage":"en-GB"},{"@type":"Organization","@id":"https:\/\/ld-niedersachsen.de\/#organization","name":"Liberale Demokraten Niedersachsen","url":"https:\/\/ld-niedersachsen.de\/","logo":{"@type":"ImageObject","inLanguage":"en-GB","@id":"https:\/\/ld-niedersachsen.de\/#\/schema\/logo\/image\/","url":"https:\/\/ld-niedersachsen.de\/wp-content\/uploads\/2025\/04\/logo_niedersachsen.svg","contentUrl":"https:\/\/ld-niedersachsen.de\/wp-content\/uploads\/2025\/04\/logo_niedersachsen.svg","width":249,"height":121,"caption":"Liberale Demokraten Niedersachsen"},"image":{"@id":"https:\/\/ld-niedersachsen.de\/#\/schema\/logo\/image\/"}}]}},"_links":{"self":[{"href":"https:\/\/ld-niedersachsen.de\/en\/wp-json\/wp\/v2\/pages\/2682","targetHints":{"allow":["GET"]}}],"collection":[{"href":"https:\/\/ld-niedersachsen.de\/en\/wp-json\/wp\/v2\/pages"}],"about":[{"href":"https:\/\/ld-niedersachsen.de\/en\/wp-json\/wp\/v2\/types\/page"}],"author":[{"embeddable":true,"href":"https:\/\/ld-niedersachsen.de\/en\/wp-json\/wp\/v2\/users\/1"}],"replies":[{"embeddable":true,"href":"https:\/\/ld-niedersachsen.de\/en\/wp-json\/wp\/v2\/comments?post=2682"}],"version-history":[{"count":12,"href":"https:\/\/ld-niedersachsen.de\/en\/wp-json\/wp\/v2\/pages\/2682\/revisions"}],"predecessor-version":[{"id":2989,"href":"https:\/\/ld-niedersachsen.de\/en\/wp-json\/wp\/v2\/pages\/2682\/revisions\/2989"}],"wp:attachment":[{"href":"https:\/\/ld-niedersachsen.de\/en\/wp-json\/wp\/v2\/media?parent=2682"}],"curies":[{"name":"wp","href":"https:\/\/api.w.org\/{rel}","templated":true}]}}