{"id":2132,"date":"2023-07-08T16:07:20","date_gmt":"2023-07-08T14:07:20","guid":{"rendered":"https:\/\/ld-niedersachsen.de\/?page_id=2132"},"modified":"2025-05-25T22:56:04","modified_gmt":"2025-05-25T20:56:04","slug":"personen","status":"publish","type":"page","link":"https:\/\/ld-niedersachsen.de\/en\/personen\/","title":{"rendered":"People"},"content":{"rendered":"<h2 class=\"wp-block-heading\">Board<\/h2>\n\n\n\n<div class=\"wp-block-columns is-layout-flex wp-container-core-columns-is-layout-2e1bcf05 wp-block-columns-is-layout-flex\" style=\"margin-top:2rem;margin-bottom:4rem\">\n<div class=\"wp-block-column is-layout-flow wp-block-column-is-layout-flow\" style=\"flex-basis:15%\">\n<figure class=\"wp-block-image alignleft size-full is-resized has-custom-border is-style-default\"><img loading=\"lazy\" decoding=\"async\" width=\"2560\" height=\"2560\" src=\"https:\/\/ld-niedersachsen.de\/wp-content\/uploads\/2024\/12\/LibDem54BPT_NRU3969-edited-scaled.jpg\" alt=\"\" class=\"wp-image-2831\" style=\"border-radius:10px;aspect-ratio:1;object-fit:contain;width:160px\" srcset=\"https:\/\/ld-niedersachsen.de\/wp-content\/uploads\/2024\/12\/LibDem54BPT_NRU3969-edited-scaled.jpg 2560w, https:\/\/ld-niedersachsen.de\/wp-content\/uploads\/2024\/12\/LibDem54BPT_NRU3969-edited-300x300.jpg 300w, https:\/\/ld-niedersachsen.de\/wp-content\/uploads\/2024\/12\/LibDem54BPT_NRU3969-edited-1024x1024.jpg 1024w, https:\/\/ld-niedersachsen.de\/wp-content\/uploads\/2024\/12\/LibDem54BPT_NRU3969-edited-150x150.jpg 150w, https:\/\/ld-niedersachsen.de\/wp-content\/uploads\/2024\/12\/LibDem54BPT_NRU3969-edited-768x768.jpg 768w, https:\/\/ld-niedersachsen.de\/wp-content\/uploads\/2024\/12\/LibDem54BPT_NRU3969-edited-1536x1536.jpg 1536w, https:\/\/ld-niedersachsen.de\/wp-content\/uploads\/2024\/12\/LibDem54BPT_NRU3969-edited-2048x2048.jpg 2048w, https:\/\/ld-niedersachsen.de\/wp-content\/uploads\/2024\/12\/LibDem54BPT_NRU3969-edited-12x12.jpg 12w, https:\/\/ld-niedersachsen.de\/wp-content\/uploads\/2024\/12\/LibDem54BPT_NRU3969-edited-24x24.jpg 24w, https:\/\/ld-niedersachsen.de\/wp-content\/uploads\/2024\/12\/LibDem54BPT_NRU3969-edited-48x48.jpg 48w, https:\/\/ld-niedersachsen.de\/wp-content\/uploads\/2024\/12\/LibDem54BPT_NRU3969-edited-96x96.jpg 96w\" sizes=\"auto, (max-width: 2560px) 100vw, 2560px\" \/><\/figure>\n<\/div>\n\n\n\n<div class=\"wp-block-column is-layout-flow wp-block-column-is-layout-flow\" style=\"padding-right:0;padding-left:0;flex-basis:85%\">\n<h3 class=\"wp-block-heading\">Steve Bourne<\/h3>\n\n\n\n<p><strong>Chairman<\/strong><\/p>\n\n\n\n<p>Steve Bourne ist in Gro\u00dfbritannien geboren und lebt inzwischen mit seiner Familie in Ostfriesland. Dort restauriert er in Eigenregie ihr zuhause. Bei den Liberalen Demokraten engagiert er sich besonders f\u00fcr internationale Angelegenheiten und das deutsche Gesundheitssystem.<\/p>\n\n\n\n<ul class=\"wp-block-social-links has-icon-color has-icon-background-color is-style-pill-shape is-horizontal is-content-justification-left is-layout-flex wp-container-core-social-links-is-layout-146cff86 wp-block-social-links-is-layout-flex\"><li style=\"color:var(--theme-palette-color-8, #ffffff);background-color:var(--theme-palette-color-1, #FF8200);\" class=\"wp-social-link wp-social-link-mail has-palette-color-8-color wp-block-social-link\"><a href=\"mailto:steve.bourne@liberale-demokraten.de\" class=\"wp-block-social-link-anchor\"><svg width=\"24\" height=\"24\" viewbox=\"0 0 24 24\" version=\"1.1\" xmlns=\"http:\/\/www.w3.org\/2000\/svg\" aria-hidden=\"true\" focusable=\"false\"><path d=\"M19,5H5c-1.1,0-2,.9-2,2v10c0,1.1.9,2,2,2h14c1.1,0,2-.9,2-2V7c0-1.1-.9-2-2-2zm.5,12c0,.3-.2.5-.5.5H5c-.3,0-.5-.2-.5-.5V9.8l7.5,5.6,7.5-5.6V17zm0-9.1L12,13.6,4.5,7.9V7c0-.3.2-.5.5-.5h14c.3,0,.5.2.5.5v.9z\"><\/path><\/svg><span class=\"wp-block-social-link-label screen-reader-text\">Mail<\/span><\/a><\/li><\/ul>\n<\/div>\n<\/div>\n\n\n\n<div class=\"wp-block-columns is-layout-flex wp-container-core-columns-is-layout-1d09fbd3 wp-block-columns-is-layout-flex\" style=\"margin-top:4rem;margin-bottom:4rem\">\n<div class=\"wp-block-column is-layout-flow wp-block-column-is-layout-flow\" style=\"flex-basis:15%\">\n<figure class=\"wp-block-image alignleft size-full is-resized has-custom-border\"><img loading=\"lazy\" decoding=\"async\" width=\"529\" height=\"529\" src=\"https:\/\/ld-niedersachsen.de\/wp-content\/uploads\/2024\/12\/MichaelDycker-edited.jpg\" alt=\"\" class=\"wp-image-2845\" style=\"border-radius:10px;width:160px\" srcset=\"https:\/\/ld-niedersachsen.de\/wp-content\/uploads\/2024\/12\/MichaelDycker-edited.jpg 529w, https:\/\/ld-niedersachsen.de\/wp-content\/uploads\/2024\/12\/MichaelDycker-edited-300x300.jpg 300w, https:\/\/ld-niedersachsen.de\/wp-content\/uploads\/2024\/12\/MichaelDycker-edited-150x150.jpg 150w, https:\/\/ld-niedersachsen.de\/wp-content\/uploads\/2024\/12\/MichaelDycker-edited-12x12.jpg 12w, https:\/\/ld-niedersachsen.de\/wp-content\/uploads\/2024\/12\/MichaelDycker-edited-24x24.jpg 24w, https:\/\/ld-niedersachsen.de\/wp-content\/uploads\/2024\/12\/MichaelDycker-edited-48x48.jpg 48w, https:\/\/ld-niedersachsen.de\/wp-content\/uploads\/2024\/12\/MichaelDycker-edited-96x96.jpg 96w\" sizes=\"auto, (max-width: 529px) 100vw, 529px\" \/><\/figure>\n<\/div>\n\n\n\n<div class=\"wp-block-column is-layout-flow wp-block-column-is-layout-flow\" style=\"flex-basis:85%\">\n<h3 class=\"wp-block-heading\">Michael Dycker<\/h3>\n\n\n\n<p><strong>Deputy<\/strong> <strong>Chairman<\/strong><\/p>\n\n\n\n<p>Michael Dycker war bereits von 2020 bis 2022 einer der stellvertretenden Bundesvorsitzenden der LD, denen er im Zuge der sozialliberalen Erkl\u00e4rung 2017 beigetreten ist. Der Lehrer aus Lingen engagiert sich insbesondere f\u00fcr Bildung, Landwirtschaft, Verbraucherschutz und Europapolitik.<\/p>\n\n\n\n<ul class=\"wp-block-social-links has-icon-color has-icon-background-color is-style-pill-shape is-horizontal is-content-justification-left is-layout-flex wp-container-core-social-links-is-layout-146cff86 wp-block-social-links-is-layout-flex\"><li style=\"color:var(--theme-palette-color-8, #ffffff);background-color:var(--theme-palette-color-1, #FF8200);\" class=\"wp-social-link wp-social-link-mail has-palette-color-8-color wp-block-social-link\"><a href=\"mailto:michael.dycker@liberale-demokraten.de\" class=\"wp-block-social-link-anchor\"><svg width=\"24\" height=\"24\" viewbox=\"0 0 24 24\" version=\"1.1\" xmlns=\"http:\/\/www.w3.org\/2000\/svg\" aria-hidden=\"true\" focusable=\"false\"><path d=\"M19,5H5c-1.1,0-2,.9-2,2v10c0,1.1.9,2,2,2h14c1.1,0,2-.9,2-2V7c0-1.1-.9-2-2-2zm.5,12c0,.3-.2.5-.5.5H5c-.3,0-.5-.2-.5-.5V9.8l7.5,5.6,7.5-5.6V17zm0-9.1L12,13.6,4.5,7.9V7c0-.3.2-.5.5-.5h14c.3,0,.5.2.5.5v.9z\"><\/path><\/svg><span class=\"wp-block-social-link-label screen-reader-text\">Mail<\/span><\/a><\/li><\/ul>\n<\/div>\n<\/div>\n\n\n\n<div class=\"wp-block-columns is-layout-flex wp-container-core-columns-is-layout-1d09fbd3 wp-block-columns-is-layout-flex\" style=\"margin-top:4rem;margin-bottom:4rem\">\n<div class=\"wp-block-column is-layout-flow wp-block-column-is-layout-flow\" style=\"flex-basis:15%\">\n<figure class=\"wp-block-image alignleft size-full is-resized has-custom-border\"><img loading=\"lazy\" decoding=\"async\" width=\"1969\" height=\"1969\" src=\"https:\/\/ld-niedersachsen.de\/wp-content\/uploads\/2024\/12\/JensLuenenstrass.jpg\" alt=\"\" class=\"wp-image-2848\" style=\"border-radius:10px;width:160px\" srcset=\"https:\/\/ld-niedersachsen.de\/wp-content\/uploads\/2024\/12\/JensLuenenstrass.jpg 1969w, https:\/\/ld-niedersachsen.de\/wp-content\/uploads\/2024\/12\/JensLuenenstrass-300x300.jpg 300w, https:\/\/ld-niedersachsen.de\/wp-content\/uploads\/2024\/12\/JensLuenenstrass-1024x1024.jpg 1024w, https:\/\/ld-niedersachsen.de\/wp-content\/uploads\/2024\/12\/JensLuenenstrass-150x150.jpg 150w, https:\/\/ld-niedersachsen.de\/wp-content\/uploads\/2024\/12\/JensLuenenstrass-768x768.jpg 768w, https:\/\/ld-niedersachsen.de\/wp-content\/uploads\/2024\/12\/JensLuenenstrass-1536x1536.jpg 1536w, https:\/\/ld-niedersachsen.de\/wp-content\/uploads\/2024\/12\/JensLuenenstrass-12x12.jpg 12w, https:\/\/ld-niedersachsen.de\/wp-content\/uploads\/2024\/12\/JensLuenenstrass-24x24.jpg 24w, https:\/\/ld-niedersachsen.de\/wp-content\/uploads\/2024\/12\/JensLuenenstrass-48x48.jpg 48w, https:\/\/ld-niedersachsen.de\/wp-content\/uploads\/2024\/12\/JensLuenenstrass-96x96.jpg 96w\" sizes=\"auto, (max-width: 1969px) 100vw, 1969px\" \/><\/figure>\n<\/div>\n\n\n\n<div class=\"wp-block-column is-layout-flow wp-block-column-is-layout-flow\" style=\"flex-basis:85%\">\n<h3 class=\"wp-block-heading\">Jens L\u00fcnenstra\u00df<\/h3>\n\n\n\n<p><strong>Deputy<\/strong> <strong>Chairman<\/strong><\/p>\n\n\n\n<p>Jens L\u00fcnenstra\u00df ist in NRW aufgewachsen und zog nach dem Studium nach Niedersachsen. Seit 2022 ist er stellvertretender Landesvorsitzender in Niedersachsen. Im Bundesvorstand ist er seit 2023 als Gesch\u00e4ftsf\u00fchrer aktiv. Er arbeitet als Ingenieur f\u00fcr die Planung von Stromnetzen in Niedersachsen. Bei den Liberalen Demokraten setzt er sich f\u00fcr setzt er sich unter anderem f\u00fcr nachhaltige Mobilit\u00e4t und Klimaschutz ein.<\/p>\n\n\n\n<ul class=\"wp-block-social-links has-icon-color has-icon-background-color is-style-pill-shape is-horizontal is-content-justification-left is-layout-flex wp-container-core-social-links-is-layout-146cff86 wp-block-social-links-is-layout-flex\"><li style=\"color:var(--theme-palette-color-8, #ffffff);background-color:var(--theme-palette-color-1, #FF8200);\" class=\"wp-social-link wp-social-link-mail has-palette-color-8-color wp-block-social-link\"><a href=\"mailto:jens.luenenstrass@liberale-demokraten.de\" class=\"wp-block-social-link-anchor\"><svg width=\"24\" height=\"24\" viewbox=\"0 0 24 24\" version=\"1.1\" xmlns=\"http:\/\/www.w3.org\/2000\/svg\" aria-hidden=\"true\" focusable=\"false\"><path d=\"M19,5H5c-1.1,0-2,.9-2,2v10c0,1.1.9,2,2,2h14c1.1,0,2-.9,2-2V7c0-1.1-.9-2-2-2zm.5,12c0,.3-.2.5-.5.5H5c-.3,0-.5-.2-.5-.5V9.8l7.5,5.6,7.5-5.6V17zm0-9.1L12,13.6,4.5,7.9V7c0-.3.2-.5.5-.5h14c.3,0,.5.2.5.5v.9z\"><\/path><\/svg><span class=\"wp-block-social-link-label screen-reader-text\">Mail<\/span><\/a><\/li><\/ul>\n<\/div>\n<\/div>\n\n\n\n<div class=\"wp-block-columns is-layout-flex wp-container-core-columns-is-layout-1d09fbd3 wp-block-columns-is-layout-flex\" style=\"margin-top:4rem;margin-bottom:4rem\">\n<div class=\"wp-block-column is-layout-flow wp-block-column-is-layout-flow\" style=\"flex-basis:15%\">\n<figure class=\"wp-block-image alignleft size-full is-resized has-custom-border\"><img loading=\"lazy\" decoding=\"async\" width=\"1000\" height=\"1000\" src=\"https:\/\/ld-niedersachsen.de\/wp-content\/uploads\/2025\/05\/ZVE01072_2.jpg\" alt=\"\" class=\"wp-image-3040\" style=\"border-radius:10px;aspect-ratio:1;object-fit:contain;width:160px\" srcset=\"https:\/\/ld-niedersachsen.de\/wp-content\/uploads\/2025\/05\/ZVE01072_2.jpg 1000w, https:\/\/ld-niedersachsen.de\/wp-content\/uploads\/2025\/05\/ZVE01072_2-300x300.jpg 300w, https:\/\/ld-niedersachsen.de\/wp-content\/uploads\/2025\/05\/ZVE01072_2-150x150.jpg 150w, https:\/\/ld-niedersachsen.de\/wp-content\/uploads\/2025\/05\/ZVE01072_2-768x768.jpg 768w, https:\/\/ld-niedersachsen.de\/wp-content\/uploads\/2025\/05\/ZVE01072_2-12x12.jpg 12w, https:\/\/ld-niedersachsen.de\/wp-content\/uploads\/2025\/05\/ZVE01072_2-24x24.jpg 24w, https:\/\/ld-niedersachsen.de\/wp-content\/uploads\/2025\/05\/ZVE01072_2-48x48.jpg 48w, https:\/\/ld-niedersachsen.de\/wp-content\/uploads\/2025\/05\/ZVE01072_2-96x96.jpg 96w\" sizes=\"auto, (max-width: 1000px) 100vw, 1000px\" \/><\/figure>\n<\/div>\n\n\n\n<div class=\"wp-block-column is-layout-flow wp-block-column-is-layout-flow\" style=\"flex-basis:85%\">\n<h3 class=\"wp-block-heading\">Joel Maurice Werner<\/h3>\n\n\n\n<p><strong>Stellv. Landesvorsitzender<\/strong><\/p>\n\n\n\n<p>Beschreibung folgt.<\/p>\n\n\n\n<ul class=\"wp-block-social-links has-icon-color has-icon-background-color is-style-pill-shape is-horizontal is-content-justification-left is-layout-flex wp-container-core-social-links-is-layout-f73567ad wp-block-social-links-is-layout-flex\"><li style=\"color:var(--theme-palette-color-8, #ffffff);background-color:var(--theme-palette-color-1, #FF8200);\" class=\"wp-social-link wp-social-link-mail has-palette-color-8-color wp-block-social-link\"><a href=\"mailto:joel.werner@liberale-demokraten.de\" class=\"wp-block-social-link-anchor\"><svg width=\"24\" height=\"24\" viewbox=\"0 0 24 24\" version=\"1.1\" xmlns=\"http:\/\/www.w3.org\/2000\/svg\" aria-hidden=\"true\" focusable=\"false\"><path d=\"M19,5H5c-1.1,0-2,.9-2,2v10c0,1.1.9,2,2,2h14c1.1,0,2-.9,2-2V7c0-1.1-.9-2-2-2zm.5,12c0,.3-.2.5-.5.5H5c-.3,0-.5-.2-.5-.5V9.8l7.5,5.6,7.5-5.6V17zm0-9.1L12,13.6,4.5,7.9V7c0-.3.2-.5.5-.5h14c.3,0,.5.2.5.5v.9z\"><\/path><\/svg><span class=\"wp-block-social-link-label screen-reader-text\">Mail<\/span><\/a><\/li><\/ul>\n<\/div>\n<\/div>\n\n\n\n<div class=\"wp-block-columns is-layout-flex wp-container-core-columns-is-layout-1d09fbd3 wp-block-columns-is-layout-flex\" style=\"margin-top:4rem;margin-bottom:4rem\">\n<div class=\"wp-block-column is-layout-flow wp-block-column-is-layout-flow\" style=\"flex-basis:15%\">\n<figure class=\"wp-block-image size-large is-resized has-custom-border\"><img loading=\"lazy\" decoding=\"async\" width=\"1014\" height=\"1024\" src=\"https:\/\/ld-niedersachsen.de\/wp-content\/uploads\/2025\/04\/IgorKozarFoto-1014x1024.jpeg\" alt=\"\" class=\"wp-image-3012\" style=\"border-radius:10px;width:160px\" srcset=\"https:\/\/ld-niedersachsen.de\/wp-content\/uploads\/2025\/04\/IgorKozarFoto-1014x1024.jpeg 1014w, https:\/\/ld-niedersachsen.de\/wp-content\/uploads\/2025\/04\/IgorKozarFoto-297x300.jpeg 297w, https:\/\/ld-niedersachsen.de\/wp-content\/uploads\/2025\/04\/IgorKozarFoto-150x150.jpeg 150w, https:\/\/ld-niedersachsen.de\/wp-content\/uploads\/2025\/04\/IgorKozarFoto-768x775.jpeg 768w, https:\/\/ld-niedersachsen.de\/wp-content\/uploads\/2025\/04\/IgorKozarFoto-12x12.jpeg 12w, https:\/\/ld-niedersachsen.de\/wp-content\/uploads\/2025\/04\/IgorKozarFoto-24x24.jpeg 24w, https:\/\/ld-niedersachsen.de\/wp-content\/uploads\/2025\/04\/IgorKozarFoto-48x48.jpeg 48w, https:\/\/ld-niedersachsen.de\/wp-content\/uploads\/2025\/04\/IgorKozarFoto-96x96.jpeg 96w, https:\/\/ld-niedersachsen.de\/wp-content\/uploads\/2025\/04\/IgorKozarFoto.jpeg 1170w\" sizes=\"auto, (max-width: 1014px) 100vw, 1014px\" \/><\/figure>\n<\/div>\n\n\n\n<div class=\"wp-block-column is-layout-flow wp-block-column-is-layout-flow\" style=\"flex-basis:85%\">\n<h3 class=\"wp-block-heading\">Igor Kozar<\/h3>\n\n\n\n<p><strong>Treasurer<\/strong><\/p>\n\n\n\n<p>Geboren in M\u00fcnchen, slowenischer Staatsb\u00fcrger und Vater von f\u00fcnf Kindern. Seit vier Jahren lebt er in Niedersachsen, ist derzeit in Elternzeit und beruflich in der Immobilienwirtschaft als Projektierer aktiv. Sein Fokus liegt auf den Themen Migration, Wirtschaft, Bildung und Familie \u2013 mit dem Anspruch, gesellschaftliche Teilhabe und nachhaltige Perspektiven aktiv mitzugestalten.<\/p>\n\n\n\n<ul class=\"wp-block-social-links has-icon-color has-icon-background-color is-style-pill-shape is-horizontal is-content-justification-left is-layout-flex wp-container-core-social-links-is-layout-146cff86 wp-block-social-links-is-layout-flex\"><li style=\"color:var(--theme-palette-color-8, #ffffff);background-color:var(--theme-palette-color-1, #FF8200);\" class=\"wp-social-link wp-social-link-mail has-palette-color-8-color wp-block-social-link\"><a href=\"mailto:igor.kozar@liberale-demokraten.de\" class=\"wp-block-social-link-anchor\"><svg width=\"24\" height=\"24\" viewbox=\"0 0 24 24\" version=\"1.1\" xmlns=\"http:\/\/www.w3.org\/2000\/svg\" aria-hidden=\"true\" focusable=\"false\"><path d=\"M19,5H5c-1.1,0-2,.9-2,2v10c0,1.1.9,2,2,2h14c1.1,0,2-.9,2-2V7c0-1.1-.9-2-2-2zm.5,12c0,.3-.2.5-.5.5H5c-.3,0-.5-.2-.5-.5V9.8l7.5,5.6,7.5-5.6V17zm0-9.1L12,13.6,4.5,7.9V7c0-.3.2-.5.5-.5h14c.3,0,.5.2.5.5v.9z\"><\/path><\/svg><span class=\"wp-block-social-link-label screen-reader-text\">Mail<\/span><\/a><\/li><\/ul>\n<\/div>\n<\/div>\n\n\n\n<p><\/p>","protected":false},"excerpt":{"rendered":"<p>Landesvorstand Steve Bourne Landesvorsitzender Steve Bourne ist in Gro\u00dfbritannien geboren und lebt inzwischen mit seiner Familie in Ostfriesland. Dort restauriert er in Eigenregie ihr zuhause. Bei den Liberalen Demokraten engagiert er sich besonders f\u00fcr internationale Angelegenheiten und das deutsche Gesundheitssystem. Michael Dycker Stellv. Landesvorsitzender Michael Dycker war bereits von 2020 bis 2022 einer der stellvertretenden [&hellip;]<\/p>\n","protected":false},"author":1,"featured_media":0,"parent":0,"menu_order":0,"comment_status":"closed","ping_status":"closed","template":"","meta":{"_acf_changed":false,"footnotes":""},"class_list":["post-2132","page","type-page","status-publish","hentry"],"blocksy_meta":[],"acf":[],"yoast_head":"<!-- This site is optimized with the Yoast SEO plugin v27.1.1 - https:\/\/yoast.com\/product\/yoast-seo-wordpress\/ -->\n<title>Personen &#8211; Liberale Demokraten Niedersachsen<\/title>\n<meta name=\"robots\" content=\"index, follow, max-snippet:-1, max-image-preview:large, max-video-preview:-1\" \/>\n<link rel=\"canonical\" href=\"https:\/\/ld-niedersachsen.de\/en\/personen\/\" \/>\n<meta property=\"og:locale\" content=\"en_GB\" \/>\n<meta property=\"og:type\" content=\"article\" \/>\n<meta property=\"og:title\" content=\"Personen &#8211; Liberale Demokraten Niedersachsen\" \/>\n<meta property=\"og:description\" content=\"Landesvorstand Steve Bourne Landesvorsitzender Steve Bourne ist in Gro\u00dfbritannien geboren und lebt inzwischen mit seiner Familie in Ostfriesland. Dort restauriert er in Eigenregie ihr zuhause. Bei den Liberalen Demokraten engagiert er sich besonders f\u00fcr internationale Angelegenheiten und das deutsche Gesundheitssystem. Michael Dycker Stellv. Landesvorsitzender Michael Dycker war bereits von 2020 bis 2022 einer der stellvertretenden [&hellip;]\" \/>\n<meta property=\"og:url\" content=\"https:\/\/ld-niedersachsen.de\/en\/personen\/\" \/>\n<meta property=\"og:site_name\" content=\"Liberale Demokraten Niedersachsen\" \/>\n<meta property=\"article:modified_time\" content=\"2025-05-25T20:56:04+00:00\" \/>\n<meta property=\"og:image\" content=\"https:\/\/ld-niedersachsen.de\/wp-content\/uploads\/2024\/12\/LibDem54BPT_NRU3969-edited-scaled.jpg\" \/>\n\t<meta property=\"og:image:width\" content=\"2560\" \/>\n\t<meta property=\"og:image:height\" content=\"2560\" \/>\n\t<meta property=\"og:image:type\" content=\"image\/jpeg\" \/>\n<meta name=\"twitter:card\" content=\"summary_large_image\" \/>\n<meta name=\"twitter:label1\" content=\"Estimated reading time\" \/>\n\t<meta name=\"twitter:data1\" content=\"2 minutes\" \/>\n<script type=\"application\/ld+json\" class=\"yoast-schema-graph\">{\"@context\":\"https:\/\/schema.org\",\"@graph\":[{\"@type\":\"WebPage\",\"@id\":\"https:\/\/ld-niedersachsen.de\/personen\/\",\"url\":\"https:\/\/ld-niedersachsen.de\/personen\/\",\"name\":\"Personen &#8211; Liberale Demokraten Niedersachsen\",\"isPartOf\":{\"@id\":\"https:\/\/ld-niedersachsen.de\/#website\"},\"primaryImageOfPage\":{\"@id\":\"https:\/\/ld-niedersachsen.de\/personen\/#primaryimage\"},\"image\":{\"@id\":\"https:\/\/ld-niedersachsen.de\/personen\/#primaryimage\"},\"thumbnailUrl\":\"https:\/\/ld-niedersachsen.de\/wp-content\/uploads\/2024\/12\/LibDem54BPT_NRU3969-edited-scaled.jpg\",\"datePublished\":\"2023-07-08T14:07:20+00:00\",\"dateModified\":\"2025-05-25T20:56:04+00:00\",\"breadcrumb\":{\"@id\":\"https:\/\/ld-niedersachsen.de\/personen\/#breadcrumb\"},\"inLanguage\":\"en-GB\",\"potentialAction\":[{\"@type\":\"ReadAction\",\"target\":[\"https:\/\/ld-niedersachsen.de\/personen\/\"]}]},{\"@type\":\"ImageObject\",\"inLanguage\":\"en-GB\",\"@id\":\"https:\/\/ld-niedersachsen.de\/personen\/#primaryimage\",\"url\":\"https:\/\/ld-niedersachsen.de\/wp-content\/uploads\/2024\/12\/LibDem54BPT_NRU3969-edited-scaled.jpg\",\"contentUrl\":\"https:\/\/ld-niedersachsen.de\/wp-content\/uploads\/2024\/12\/LibDem54BPT_NRU3969-edited-scaled.jpg\"},{\"@type\":\"BreadcrumbList\",\"@id\":\"https:\/\/ld-niedersachsen.de\/personen\/#breadcrumb\",\"itemListElement\":[{\"@type\":\"ListItem\",\"position\":1,\"name\":\"Startseite\",\"item\":\"https:\/\/ld-niedersachsen.de\/\"},{\"@type\":\"ListItem\",\"position\":2,\"name\":\"Personen\"}]},{\"@type\":\"WebSite\",\"@id\":\"https:\/\/ld-niedersachsen.de\/#website\",\"url\":\"https:\/\/ld-niedersachsen.de\/\",\"name\":\"Liberale Demokraten Niedersachsen\",\"description\":\"\",\"publisher\":{\"@id\":\"https:\/\/ld-niedersachsen.de\/#organization\"},\"potentialAction\":[{\"@type\":\"SearchAction\",\"target\":{\"@type\":\"EntryPoint\",\"urlTemplate\":\"https:\/\/ld-niedersachsen.de\/?s={search_term_string}\"},\"query-input\":{\"@type\":\"PropertyValueSpecification\",\"valueRequired\":true,\"valueName\":\"search_term_string\"}}],\"inLanguage\":\"en-GB\"},{\"@type\":\"Organization\",\"@id\":\"https:\/\/ld-niedersachsen.de\/#organization\",\"name\":\"Liberale Demokraten Niedersachsen\",\"url\":\"https:\/\/ld-niedersachsen.de\/\",\"logo\":{\"@type\":\"ImageObject\",\"inLanguage\":\"en-GB\",\"@id\":\"https:\/\/ld-niedersachsen.de\/#\/schema\/logo\/image\/\",\"url\":\"https:\/\/ld-niedersachsen.de\/wp-content\/uploads\/2025\/04\/logo_niedersachsen.svg\",\"contentUrl\":\"https:\/\/ld-niedersachsen.de\/wp-content\/uploads\/2025\/04\/logo_niedersachsen.svg\",\"width\":249,\"height\":121,\"caption\":\"Liberale Demokraten Niedersachsen\"},\"image\":{\"@id\":\"https:\/\/ld-niedersachsen.de\/#\/schema\/logo\/image\/\"}}]}<\/script>\n<!-- \/ Yoast SEO plugin. -->","yoast_head_json":{"title":"Personen &#8211; Liberale Demokraten Niedersachsen","robots":{"index":"index","follow":"follow","max-snippet":"max-snippet:-1","max-image-preview":"max-image-preview:large","max-video-preview":"max-video-preview:-1"},"canonical":"https:\/\/ld-niedersachsen.de\/en\/personen\/","og_locale":"en_GB","og_type":"article","og_title":"Personen &#8211; Liberale Demokraten Niedersachsen","og_description":"Landesvorstand Steve Bourne Landesvorsitzender Steve Bourne ist in Gro\u00dfbritannien geboren und lebt inzwischen mit seiner Familie in Ostfriesland. Dort restauriert er in Eigenregie ihr zuhause. Bei den Liberalen Demokraten engagiert er sich besonders f\u00fcr internationale Angelegenheiten und das deutsche Gesundheitssystem. Michael Dycker Stellv. Landesvorsitzender Michael Dycker war bereits von 2020 bis 2022 einer der stellvertretenden [&hellip;]","og_url":"https:\/\/ld-niedersachsen.de\/en\/personen\/","og_site_name":"Liberale Demokraten Niedersachsen","article_modified_time":"2025-05-25T20:56:04+00:00","og_image":[{"width":2560,"height":2560,"url":"https:\/\/ld-niedersachsen.de\/wp-content\/uploads\/2024\/12\/LibDem54BPT_NRU3969-edited-scaled.jpg","type":"image\/jpeg"}],"twitter_card":"summary_large_image","twitter_misc":{"Estimated reading time":"2 minutes"},"schema":{"@context":"https:\/\/schema.org","@graph":[{"@type":"WebPage","@id":"https:\/\/ld-niedersachsen.de\/personen\/","url":"https:\/\/ld-niedersachsen.de\/personen\/","name":"Personen &#8211; Liberale Demokraten Niedersachsen","isPartOf":{"@id":"https:\/\/ld-niedersachsen.de\/#website"},"primaryImageOfPage":{"@id":"https:\/\/ld-niedersachsen.de\/personen\/#primaryimage"},"image":{"@id":"https:\/\/ld-niedersachsen.de\/personen\/#primaryimage"},"thumbnailUrl":"https:\/\/ld-niedersachsen.de\/wp-content\/uploads\/2024\/12\/LibDem54BPT_NRU3969-edited-scaled.jpg","datePublished":"2023-07-08T14:07:20+00:00","dateModified":"2025-05-25T20:56:04+00:00","breadcrumb":{"@id":"https:\/\/ld-niedersachsen.de\/personen\/#breadcrumb"},"inLanguage":"en-GB","potentialAction":[{"@type":"ReadAction","target":["https:\/\/ld-niedersachsen.de\/personen\/"]}]},{"@type":"ImageObject","inLanguage":"en-GB","@id":"https:\/\/ld-niedersachsen.de\/personen\/#primaryimage","url":"https:\/\/ld-niedersachsen.de\/wp-content\/uploads\/2024\/12\/LibDem54BPT_NRU3969-edited-scaled.jpg","contentUrl":"https:\/\/ld-niedersachsen.de\/wp-content\/uploads\/2024\/12\/LibDem54BPT_NRU3969-edited-scaled.jpg"},{"@type":"BreadcrumbList","@id":"https:\/\/ld-niedersachsen.de\/personen\/#breadcrumb","itemListElement":[{"@type":"ListItem","position":1,"name":"Startseite","item":"https:\/\/ld-niedersachsen.de\/"},{"@type":"ListItem","position":2,"name":"Personen"}]},{"@type":"WebSite","@id":"https:\/\/ld-niedersachsen.de\/#website","url":"https:\/\/ld-niedersachsen.de\/","name":"Liberale Demokraten Niedersachsen","description":"","publisher":{"@id":"https:\/\/ld-niedersachsen.de\/#organization"},"potentialAction":[{"@type":"SearchAction","target":{"@type":"EntryPoint","urlTemplate":"https:\/\/ld-niedersachsen.de\/?s={search_term_string}"},"query-input":{"@type":"PropertyValueSpecification","valueRequired":true,"valueName":"search_term_string"}}],"inLanguage":"en-GB"},{"@type":"Organization","@id":"https:\/\/ld-niedersachsen.de\/#organization","name":"Liberale Demokraten Niedersachsen","url":"https:\/\/ld-niedersachsen.de\/","logo":{"@type":"ImageObject","inLanguage":"en-GB","@id":"https:\/\/ld-niedersachsen.de\/#\/schema\/logo\/image\/","url":"https:\/\/ld-niedersachsen.de\/wp-content\/uploads\/2025\/04\/logo_niedersachsen.svg","contentUrl":"https:\/\/ld-niedersachsen.de\/wp-content\/uploads\/2025\/04\/logo_niedersachsen.svg","width":249,"height":121,"caption":"Liberale Demokraten Niedersachsen"},"image":{"@id":"https:\/\/ld-niedersachsen.de\/#\/schema\/logo\/image\/"}}]}},"_links":{"self":[{"href":"https:\/\/ld-niedersachsen.de\/en\/wp-json\/wp\/v2\/pages\/2132","targetHints":{"allow":["GET"]}}],"collection":[{"href":"https:\/\/ld-niedersachsen.de\/en\/wp-json\/wp\/v2\/pages"}],"about":[{"href":"https:\/\/ld-niedersachsen.de\/en\/wp-json\/wp\/v2\/types\/page"}],"author":[{"embeddable":true,"href":"https:\/\/ld-niedersachsen.de\/en\/wp-json\/wp\/v2\/users\/1"}],"replies":[{"embeddable":true,"href":"https:\/\/ld-niedersachsen.de\/en\/wp-json\/wp\/v2\/comments?post=2132"}],"version-history":[{"count":33,"href":"https:\/\/ld-niedersachsen.de\/en\/wp-json\/wp\/v2\/pages\/2132\/revisions"}],"predecessor-version":[{"id":3045,"href":"https:\/\/ld-niedersachsen.de\/en\/wp-json\/wp\/v2\/pages\/2132\/revisions\/3045"}],"wp:attachment":[{"href":"https:\/\/ld-niedersachsen.de\/en\/wp-json\/wp\/v2\/media?parent=2132"}],"curies":[{"name":"wp","href":"https:\/\/api.w.org\/{rel}","templated":true}]}}